{"id":1645,"date":"2026-05-13T10:10:49","date_gmt":"2026-05-13T10:10:49","guid":{"rendered":"https:\/\/wordpress.brainyformations.com\/leo\/?post_type=product&#038;p=1645"},"modified":"2026-05-13T10:18:58","modified_gmt":"2026-05-13T10:18:58","slug":"lou-vent-surchemise-legere-lin-coton-fleurs-de-amandier-unisex","status":"publish","type":"product","link":"https:\/\/wordpress.brainyformations.com\/leo\/product\/lou-vent-surchemise-legere-lin-coton-fleurs-de-amandier-unisex\/","title":{"rendered":"Lou Vent \u2014 Surchemise L\u00e9g\u00e8re Lin &#038; Coton \u2014 Fleurs de Amandier \u2014 Unisex"},"content":{"rendered":"<p>En proven\u00e7al, \u00ab Lou Vent \u00bb d\u00e9signe le souffle l\u00e9ger qui parcourt la plaine quand les premiers bourgeons \u00e9closent. Nous avons choisi ce nom car cette surchemise incarne la renaissance : la douceur des fleurs d&#8217;amandier, rappel\u00e9e par ses nuances de rose clair et de blanc, et la l\u00e9g\u00e8ret\u00e9 d&#8217;une brise printani\u00e8re. C\u2019est une pi\u00e8ce souffle, con\u00e7ue pour accompagner le retour des beaux jours avec la m\u00eame fluidit\u00e9 que l&#8217;air qui ondule sur les champs du Luberon.<\/p>\n","protected":false},"excerpt":{"rendered":"<p>Une caresse de lin et coton aux nuances d&#8217;amandier en fleurs, parfaite pour accueillir la douceur des premiers jours de soleil.<\/p>\n","protected":false},"featured_media":1646,"comment_status":"open","ping_status":"closed","template":"","meta":{"neve_meta_sidebar":"","neve_meta_container":"","neve_meta_enable_content_width":"off","neve_meta_content_width":100,"neve_meta_title_alignment":"","neve_meta_author_avatar":"","neve_post_elements_order":"","neve_meta_disable_header":"","neve_meta_disable_footer":"","neve_meta_disable_title":"","_themeisle_gutenberg_block_has_review":false},"product_brand":[],"product_cat":[33],"product_tag":[],"class_list":{"0":"post-1645","1":"product","2":"type-product","3":"status-publish","4":"has-post-thumbnail","6":"product_cat-collection-printemps","8":"first","9":"instock","10":"sale","11":"taxable","12":"shipping-taxable","13":"purchasable","14":"product-type-simple"},"jetpack_sharing_enabled":true,"_links":{"self":[{"href":"https:\/\/wordpress.brainyformations.com\/leo\/wp-json\/wp\/v2\/product\/1645","targetHints":{"allow":["GET"]}}],"collection":[{"href":"https:\/\/wordpress.brainyformations.com\/leo\/wp-json\/wp\/v2\/product"}],"about":[{"href":"https:\/\/wordpress.brainyformations.com\/leo\/wp-json\/wp\/v2\/types\/product"}],"replies":[{"embeddable":true,"href":"https:\/\/wordpress.brainyformations.com\/leo\/wp-json\/wp\/v2\/comments?post=1645"}],"wp:featuredmedia":[{"embeddable":true,"href":"https:\/\/wordpress.brainyformations.com\/leo\/wp-json\/wp\/v2\/media\/1646"}],"wp:attachment":[{"href":"https:\/\/wordpress.brainyformations.com\/leo\/wp-json\/wp\/v2\/media?parent=1645"}],"wp:term":[{"taxonomy":"product_brand","embeddable":true,"href":"https:\/\/wordpress.brainyformations.com\/leo\/wp-json\/wp\/v2\/product_brand?post=1645"},{"taxonomy":"product_cat","embeddable":true,"href":"https:\/\/wordpress.brainyformations.com\/leo\/wp-json\/wp\/v2\/product_cat?post=1645"},{"taxonomy":"product_tag","embeddable":true,"href":"https:\/\/wordpress.brainyformations.com\/leo\/wp-json\/wp\/v2\/product_tag?post=1645"}],"curies":[{"name":"wp","href":"https:\/\/api.w.org\/{rel}","templated":true}]}}