{"id":1629,"date":"2026-04-01T14:42:29","date_gmt":"2026-04-01T14:42:29","guid":{"rendered":"https:\/\/ynov2026.dear4215.odns.fr\/leo\/?post_type=product&#038;p=1629"},"modified":"2026-05-13T08:36:51","modified_gmt":"2026-05-13T08:36:51","slug":"lou-roure-veste-grosse-maille-100-lin-et-laine-francais-unisex","status":"publish","type":"product","link":"https:\/\/wordpress.brainyformations.com\/leo\/product\/lou-roure-veste-grosse-maille-100-lin-et-laine-francais-unisex\/","title":{"rendered":"Lou Roure &#8211; Veste Grosse Maille 100% Lin et Laine Fran\u00e7ais &#8211; Unisex"},"content":{"rendered":"<p data-path-to-node=\"4\">En proven\u00e7al, <b data-path-to-node=\"4\" data-index-in-node=\"14\">\u00ab Lou Roure \u00bb<\/b> d\u00e9signe le ch\u00eane blanc, cet arbre majestueux et indomptable qui peuple nos collines. Nous avons choisi ce nom car cette pi\u00e8ce incarne la m\u00eame dualit\u00e9 : la force brute de l&#8217;\u00e9corce, rappel\u00e9e par le relief de la grosse maille torsad\u00e9e, et la protection bienveillante d&#8217;un abri naturel. C\u2019est une pi\u00e8ce racine, con\u00e7ue pour durer et traverser les saisons avec la m\u00eame prestance qu&#8217;un vieux ch\u00eane du Luberon.<\/p>\n","protected":false},"excerpt":{"rendered":"<p>En proven\u00e7al, \u00ab Lou Roure \u00bb d\u00e9signe le ch\u00eane blanc, cet arbre majestueux et indomptable qui peuple nos collines. Nous avons choisi ce nom car cette pi\u00e8ce incarne la m\u00eame dualit\u00e9 : la force brute de l&#8217;\u00e9corce, rappel\u00e9e par le relief de la grosse maille torsad\u00e9e, et la protection bienveillante d&#8217;un abri naturel. C\u2019est une&hellip;&nbsp;<a href=\"https:\/\/wordpress.brainyformations.com\/leo\/product\/lou-roure-veste-grosse-maille-100-lin-et-laine-francais-unisex\/\" rel=\"bookmark\"><span class=\"screen-reader-text\">Lou Roure &#8211; Veste Grosse Maille 100% Lin et Laine Fran\u00e7ais &#8211; Unisex<\/span><\/a><\/p>\n","protected":false},"featured_media":1630,"comment_status":"open","ping_status":"closed","template":"","meta":{"neve_meta_sidebar":"","neve_meta_container":"","neve_meta_enable_content_width":"off","neve_meta_content_width":100,"neve_meta_title_alignment":"","neve_meta_author_avatar":"","neve_post_elements_order":"","neve_meta_disable_header":"","neve_meta_disable_footer":"","neve_meta_disable_title":"","_themeisle_gutenberg_block_has_review":false},"product_brand":[],"product_cat":[31],"product_tag":[],"class_list":{"0":"post-1629","1":"product","2":"type-product","3":"status-publish","4":"has-post-thumbnail","6":"product_cat-collection-hiver","7":"product_shipping_class-medium-package","9":"first","10":"instock","11":"sale","12":"taxable","13":"shipping-taxable","14":"purchasable","15":"product-type-simple"},"jetpack_sharing_enabled":true,"_links":{"self":[{"href":"https:\/\/wordpress.brainyformations.com\/leo\/wp-json\/wp\/v2\/product\/1629","targetHints":{"allow":["GET"]}}],"collection":[{"href":"https:\/\/wordpress.brainyformations.com\/leo\/wp-json\/wp\/v2\/product"}],"about":[{"href":"https:\/\/wordpress.brainyformations.com\/leo\/wp-json\/wp\/v2\/types\/product"}],"replies":[{"embeddable":true,"href":"https:\/\/wordpress.brainyformations.com\/leo\/wp-json\/wp\/v2\/comments?post=1629"}],"wp:featuredmedia":[{"embeddable":true,"href":"https:\/\/wordpress.brainyformations.com\/leo\/wp-json\/wp\/v2\/media\/1630"}],"wp:attachment":[{"href":"https:\/\/wordpress.brainyformations.com\/leo\/wp-json\/wp\/v2\/media?parent=1629"}],"wp:term":[{"taxonomy":"product_brand","embeddable":true,"href":"https:\/\/wordpress.brainyformations.com\/leo\/wp-json\/wp\/v2\/product_brand?post=1629"},{"taxonomy":"product_cat","embeddable":true,"href":"https:\/\/wordpress.brainyformations.com\/leo\/wp-json\/wp\/v2\/product_cat?post=1629"},{"taxonomy":"product_tag","embeddable":true,"href":"https:\/\/wordpress.brainyformations.com\/leo\/wp-json\/wp\/v2\/product_tag?post=1629"}],"curies":[{"name":"wp","href":"https:\/\/api.w.org\/{rel}","templated":true}]}}