{"id":1572,"date":"2026-03-13T20:42:56","date_gmt":"2026-03-13T20:42:56","guid":{"rendered":"https:\/\/ynov2026.dear4215.odns.fr\/leo\/?page_id=1572"},"modified":"2026-03-13T21:37:04","modified_gmt":"2026-03-13T21:37:04","slug":"blog","status":"publish","type":"page","link":"https:\/\/wordpress.brainyformations.com\/leo\/blog\/","title":{"rendered":"Blog"},"content":{"rendered":"\n<p><\/p>\n\n\n\n<div id=\"wp-block-themeisle-blocks-advanced-columns-55b78b58\" class=\"wp-block-themeisle-blocks-advanced-columns alignfull has-3-columns has-desktop-equal-layout has-tablet-equal-layout has-mobile-collapsedRows-layout has-vertical-center ticss-c00aadba\"><div class=\"wp-block-themeisle-blocks-advanced-columns-overlay\"><\/div><div class=\"innerblocks-wrap\">\n<div id=\"wp-block-themeisle-blocks-advanced-column-d16eef57\" class=\"wp-block-themeisle-blocks-advanced-column\"><div class=\"wp-block-image\">\n<figure class=\"aligncenter size-full\"><a href=\"https:\/\/ynov2026.dear4215.odns.fr\/leo\/blog-2\/\"><img loading=\"lazy\" decoding=\"async\" width=\"1408\" height=\"768\" src=\"https:\/\/ynov2026.dear4215.odns.fr\/leo\/wp-content\/uploads\/2026\/03\/unnamed-2.jpg\" alt=\"\" class=\"wp-image-1582\" style=\"aspect-ratio:1;object-fit:cover\" srcset=\"https:\/\/wordpress.brainyformations.com\/leo\/wp-content\/uploads\/2026\/03\/unnamed-2.jpg 1408w, https:\/\/wordpress.brainyformations.com\/leo\/wp-content\/uploads\/2026\/03\/unnamed-2-300x164.jpg 300w, https:\/\/wordpress.brainyformations.com\/leo\/wp-content\/uploads\/2026\/03\/unnamed-2-1024x559.jpg 1024w, https:\/\/wordpress.brainyformations.com\/leo\/wp-content\/uploads\/2026\/03\/unnamed-2-768x419.jpg 768w, https:\/\/wordpress.brainyformations.com\/leo\/wp-content\/uploads\/2026\/03\/unnamed-2-600x327.jpg 600w\" sizes=\"auto, (max-width: 1408px) 100vw, 1408px\" \/><\/a><\/figure>\n<\/div>\n\n\n<div style=\"height:30px\" aria-hidden=\"true\" class=\"wp-block-spacer\"><\/div>\n\n\n\n<h3 id=\"wp-block-themeisle-blocks-advanced-heading-af4a6933\" class=\"wp-block-themeisle-blocks-advanced-heading wp-block-themeisle-blocks-advanced-heading-af4a6933\"><a href=\"https:\/\/ynov2026.dear4215.odns.fr\/leo\/blog-2\/\" data-type=\"page\" data-id=\"1587\">Tisser l\u2019\u00c9l\u00e9gance : Un Voyage Collaboratif au C\u0153ur de la Mode Durable<\/a><\/h3>\n\n\n\n<p class=\"has-text-align-left\">De la fibre brute au design final, plongez dans les coulisses avec notre \u00e9quipe pour d\u00e9couvrir comment une vision commune de la mode \u00e9thique et intemporelle prend vie.<\/p>\n<\/div>\n\n\n\n<div id=\"wp-block-themeisle-blocks-advanced-column-bd1b0b6b\" class=\"wp-block-themeisle-blocks-advanced-column\"><div class=\"wp-block-image\">\n<figure class=\"aligncenter size-full\"><img loading=\"lazy\" decoding=\"async\" width=\"1408\" height=\"768\" src=\"https:\/\/ynov2026.dear4215.odns.fr\/leo\/wp-content\/uploads\/2026\/03\/unnamed-3.jpg\" alt=\"\" class=\"wp-image-1583\" style=\"aspect-ratio:1;object-fit:cover\" srcset=\"https:\/\/wordpress.brainyformations.com\/leo\/wp-content\/uploads\/2026\/03\/unnamed-3.jpg 1408w, https:\/\/wordpress.brainyformations.com\/leo\/wp-content\/uploads\/2026\/03\/unnamed-3-300x164.jpg 300w, https:\/\/wordpress.brainyformations.com\/leo\/wp-content\/uploads\/2026\/03\/unnamed-3-1024x559.jpg 1024w, https:\/\/wordpress.brainyformations.com\/leo\/wp-content\/uploads\/2026\/03\/unnamed-3-768x419.jpg 768w, https:\/\/wordpress.brainyformations.com\/leo\/wp-content\/uploads\/2026\/03\/unnamed-3-600x327.jpg 600w\" sizes=\"auto, (max-width: 1408px) 100vw, 1408px\" \/><\/figure>\n<\/div>\n\n\n<div style=\"height:30px\" aria-hidden=\"true\" class=\"wp-block-spacer\"><\/div>\n\n\n\n<h3 id=\"wp-block-themeisle-blocks-advanced-heading-112ba0b0\" class=\"wp-block-themeisle-blocks-advanced-heading wp-block-themeisle-blocks-advanced-heading-112ba0b0\">Mode Responsable : D\u00e9cryptez Votre Impact R\u00e9el avec GreenCode<\/h3>\n\n\n\n<p class=\"has-text-align-left\">La transparence n&#8217;est plus une option. D\u00e9couvrez comment notre technologie GreenCode vous permet de mesurer l&#8217;impact pr\u00e9cis de vos v\u00eatements, du champ de lin jusqu&#8217;\u00e0 votre dressing.<\/p>\n<\/div>\n\n\n\n<div id=\"wp-block-themeisle-blocks-advanced-column-07b3d357\" class=\"wp-block-themeisle-blocks-advanced-column\"><div class=\"wp-block-image\">\n<figure class=\"aligncenter size-full\"><img loading=\"lazy\" decoding=\"async\" width=\"2560\" height=\"1086\" src=\"https:\/\/ynov2026.dear4215.odns.fr\/leo\/wp-content\/uploads\/2026\/03\/unnamed-1-Firefly-Upscaler-2x-scale-1-scaled.png\" alt=\"\" class=\"wp-image-1584\" style=\"aspect-ratio:1;object-fit:cover\" srcset=\"https:\/\/wordpress.brainyformations.com\/leo\/wp-content\/uploads\/2026\/03\/unnamed-1-Firefly-Upscaler-2x-scale-1-scaled.png 2560w, https:\/\/wordpress.brainyformations.com\/leo\/wp-content\/uploads\/2026\/03\/unnamed-1-Firefly-Upscaler-2x-scale-1-300x127.png 300w, https:\/\/wordpress.brainyformations.com\/leo\/wp-content\/uploads\/2026\/03\/unnamed-1-Firefly-Upscaler-2x-scale-1-1024x434.png 1024w, https:\/\/wordpress.brainyformations.com\/leo\/wp-content\/uploads\/2026\/03\/unnamed-1-Firefly-Upscaler-2x-scale-1-768x326.png 768w, https:\/\/wordpress.brainyformations.com\/leo\/wp-content\/uploads\/2026\/03\/unnamed-1-Firefly-Upscaler-2x-scale-1-1536x652.png 1536w, https:\/\/wordpress.brainyformations.com\/leo\/wp-content\/uploads\/2026\/03\/unnamed-1-Firefly-Upscaler-2x-scale-1-2048x869.png 2048w, https:\/\/wordpress.brainyformations.com\/leo\/wp-content\/uploads\/2026\/03\/unnamed-1-Firefly-Upscaler-2x-scale-1-600x255.png 600w\" sizes=\"auto, (max-width: 2560px) 100vw, 2560px\" \/><\/figure>\n<\/div>\n\n\n<div style=\"height:30px\" aria-hidden=\"true\" class=\"wp-block-spacer\"><\/div>\n\n\n\n<h3 id=\"wp-block-themeisle-blocks-advanced-heading-c1dd424b\" class=\"wp-block-themeisle-blocks-advanced-heading wp-block-themeisle-blocks-advanced-heading-c1dd424b\">\u00c9thikwear : Quand l&#8217;Artisanat du Lin rencontre la Transparence Certifi\u00e9e.<\/h3>\n\n\n\n<p class=\"has-text-align-left\">Explorez le voyage complet de votre v\u00eatement, des fibres bio fran\u00e7aises au design intemporel.<\/p>\n<\/div>\n<\/div><\/div>\n","protected":false},"excerpt":{"rendered":"","protected":false},"author":2,"featured_media":0,"parent":0,"menu_order":0,"comment_status":"closed","ping_status":"closed","template":"","meta":{"neve_meta_sidebar":"","neve_meta_container":"","neve_meta_enable_content_width":"","neve_meta_content_width":0,"neve_meta_title_alignment":"","neve_meta_author_avatar":"","neve_post_elements_order":"","neve_meta_disable_header":"","neve_meta_disable_footer":"","neve_meta_disable_title":"","_themeisle_gutenberg_block_has_review":false,"footnotes":""},"class_list":["post-1572","page","type-page","status-publish","hentry"],"jetpack_sharing_enabled":true,"_links":{"self":[{"href":"https:\/\/wordpress.brainyformations.com\/leo\/wp-json\/wp\/v2\/pages\/1572","targetHints":{"allow":["GET"]}}],"collection":[{"href":"https:\/\/wordpress.brainyformations.com\/leo\/wp-json\/wp\/v2\/pages"}],"about":[{"href":"https:\/\/wordpress.brainyformations.com\/leo\/wp-json\/wp\/v2\/types\/page"}],"author":[{"embeddable":true,"href":"https:\/\/wordpress.brainyformations.com\/leo\/wp-json\/wp\/v2\/users\/2"}],"replies":[{"embeddable":true,"href":"https:\/\/wordpress.brainyformations.com\/leo\/wp-json\/wp\/v2\/comments?post=1572"}],"version-history":[{"count":4,"href":"https:\/\/wordpress.brainyformations.com\/leo\/wp-json\/wp\/v2\/pages\/1572\/revisions"}],"predecessor-version":[{"id":1598,"href":"https:\/\/wordpress.brainyformations.com\/leo\/wp-json\/wp\/v2\/pages\/1572\/revisions\/1598"}],"wp:attachment":[{"href":"https:\/\/wordpress.brainyformations.com\/leo\/wp-json\/wp\/v2\/media?parent=1572"}],"curies":[{"name":"wp","href":"https:\/\/api.w.org\/{rel}","templated":true}]}}