{"id":1312,"date":"2023-06-29T07:50:12","date_gmt":"2023-06-29T07:50:12","guid":{"rendered":"https:\/\/demosites.io\/online-course-2-gb\/?page_id=5"},"modified":"2026-03-11T11:05:36","modified_gmt":"2026-03-11T11:05:36","slug":"ec3e5-about","status":"publish","type":"page","link":"https:\/\/wordpress.brainyformations.com\/leo\/ec3e5-about\/","title":{"rendered":"Notre Histoire"},"content":{"rendered":"\n<p><\/p>\n\n\n\n<div id=\"wp-block-themeisle-blocks-advanced-columns-a2946a77\" class=\"wp-block-themeisle-blocks-advanced-columns alignfull has-2-columns has-desktop-equal-layout has-tablet-equal-layout has-mobile-collapsedRows-layout has-vertical-center ticss-a2946a77 has-light-bg\"><div class=\"wp-block-themeisle-blocks-advanced-columns-overlay\"><\/div><div class=\"innerblocks-wrap\">\n<div id=\"wp-block-themeisle-blocks-advanced-column-92b2db05\" class=\"wp-block-themeisle-blocks-advanced-column\">\n<h2 id=\"wp-block-themeisle-blocks-advanced-heading-8f1f2647\" class=\"wp-block-themeisle-blocks-advanced-heading wp-block-themeisle-blocks-advanced-heading-8f1f2647\">Tout commence&#8230;<\/h2>\n\n\n\n<p class=\"has-text-align-left has-neve-text-color-color has-text-color\">Tout commence en <strong>2022<\/strong> sur les hauteurs de Nice, face \u00e0 l&#8217;immensit\u00e9 azur\u00e9enne. C\u2019est ici, entre mer et montagnes, qu\u2019est n\u00e9 le d\u00e9sir de r\u00e9concilier l\u2019\u00e9l\u00e9gance de la Riviera avec une urgence plan\u00e9taire : sortir du cycle de la mode \u00e9ph\u00e9m\u00e8re. Face au constat d&#8217;une industrie textile satur\u00e9e, <strong>Ethikwear<\/strong> a vu le jour avec une ambition claire : capturer la lumi\u00e8re du Sud sans jamais ab\u00eemer la terre qui nous l&#8217;offre.<\/p>\n\n\n\n<p class=\"has-text-align-left\">Ce qui n&#8217;\u00e9tait au d\u00e9part qu&#8217;une esquisse est devenu une promesse de transparence et de respect. En choisissant de produire exclusivement en <strong>France<\/strong> \u00e0 partir de mati\u00e8res naturelles, nous avons fait le pari d&#8217;un luxe qui respire la v\u00e9rit\u00e9. Plus qu\u2019une marque, Ethikwear est le r\u00e9cit d&#8217;un retour aux sources o\u00f9 chaque pi\u00e8ce devient le t\u00e9moin d&#8217;un savoir-faire artisanal pr\u00e9serv\u00e9 et d&#8217;un engagement durable pour les g\u00e9n\u00e9rations futures.<\/p>\n<\/div>\n\n\n\n<div id=\"wp-block-themeisle-blocks-advanced-column-bbddf55b\" class=\"wp-block-themeisle-blocks-advanced-column\"><div class=\"wp-block-image animated fadeIn\">\n<figure class=\"aligncenter size-full has-custom-border\"><img loading=\"lazy\" decoding=\"async\" width=\"2560\" height=\"1396\" src=\"https:\/\/ynov2026.dear4215.odns.fr\/leo\/wp-content\/uploads\/2026\/03\/Gemini_Generated_Image_sre0g6sre0g6sre0-scaled.png\" alt=\"\" class=\"wp-image-1511\" style=\"border-top-left-radius:25px;border-top-right-radius:25px;border-bottom-left-radius:25px;border-bottom-right-radius:25px\" srcset=\"https:\/\/wordpress.brainyformations.com\/leo\/wp-content\/uploads\/2026\/03\/Gemini_Generated_Image_sre0g6sre0g6sre0-scaled.png 2560w, https:\/\/wordpress.brainyformations.com\/leo\/wp-content\/uploads\/2026\/03\/Gemini_Generated_Image_sre0g6sre0g6sre0-300x164.png 300w, https:\/\/wordpress.brainyformations.com\/leo\/wp-content\/uploads\/2026\/03\/Gemini_Generated_Image_sre0g6sre0g6sre0-1024x559.png 1024w, https:\/\/wordpress.brainyformations.com\/leo\/wp-content\/uploads\/2026\/03\/Gemini_Generated_Image_sre0g6sre0g6sre0-768x419.png 768w, https:\/\/wordpress.brainyformations.com\/leo\/wp-content\/uploads\/2026\/03\/Gemini_Generated_Image_sre0g6sre0g6sre0-1536x838.png 1536w, https:\/\/wordpress.brainyformations.com\/leo\/wp-content\/uploads\/2026\/03\/Gemini_Generated_Image_sre0g6sre0g6sre0-2048x1117.png 2048w, https:\/\/wordpress.brainyformations.com\/leo\/wp-content\/uploads\/2026\/03\/Gemini_Generated_Image_sre0g6sre0g6sre0-600x327.png 600w\" sizes=\"auto, (max-width: 2560px) 100vw, 2560px\" \/><\/figure>\n<\/div><\/div>\n<\/div><\/div>\n\n\n\n<div id=\"wp-block-themeisle-blocks-advanced-columns-571daf17\" class=\"wp-block-themeisle-blocks-advanced-columns alignfull has-2-columns has-desktop-equal-layout has-tablet-equal-layout has-mobile-collapsedRows-layout has-vertical-center ticss-a2946a77 has-light-bg\"><div class=\"wp-block-themeisle-blocks-advanced-columns-overlay\"><\/div><div class=\"innerblocks-wrap\">\n<div id=\"wp-block-themeisle-blocks-advanced-column-1358e967\" class=\"wp-block-themeisle-blocks-advanced-column\"><div class=\"wp-block-image animated fadeIn\">\n<figure class=\"aligncenter size-full has-custom-border\"><img loading=\"lazy\" decoding=\"async\" width=\"2560\" height=\"1396\" src=\"https:\/\/ynov2026.dear4215.odns.fr\/leo\/wp-content\/uploads\/2026\/03\/Gemini_Generated_Image_lv2hwqlv2hwqlv2h-scaled.png\" alt=\"\" class=\"wp-image-1516\" style=\"border-top-left-radius:25px;border-top-right-radius:25px;border-bottom-left-radius:25px;border-bottom-right-radius:25px\" srcset=\"https:\/\/wordpress.brainyformations.com\/leo\/wp-content\/uploads\/2026\/03\/Gemini_Generated_Image_lv2hwqlv2hwqlv2h-scaled.png 2560w, https:\/\/wordpress.brainyformations.com\/leo\/wp-content\/uploads\/2026\/03\/Gemini_Generated_Image_lv2hwqlv2hwqlv2h-300x164.png 300w, https:\/\/wordpress.brainyformations.com\/leo\/wp-content\/uploads\/2026\/03\/Gemini_Generated_Image_lv2hwqlv2hwqlv2h-1024x559.png 1024w, https:\/\/wordpress.brainyformations.com\/leo\/wp-content\/uploads\/2026\/03\/Gemini_Generated_Image_lv2hwqlv2hwqlv2h-768x419.png 768w, https:\/\/wordpress.brainyformations.com\/leo\/wp-content\/uploads\/2026\/03\/Gemini_Generated_Image_lv2hwqlv2hwqlv2h-1536x838.png 1536w, https:\/\/wordpress.brainyformations.com\/leo\/wp-content\/uploads\/2026\/03\/Gemini_Generated_Image_lv2hwqlv2hwqlv2h-2048x1117.png 2048w, https:\/\/wordpress.brainyformations.com\/leo\/wp-content\/uploads\/2026\/03\/Gemini_Generated_Image_lv2hwqlv2hwqlv2h-600x327.png 600w\" sizes=\"auto, (max-width: 2560px) 100vw, 2560px\" \/><\/figure>\n<\/div><\/div>\n\n\n\n<div id=\"wp-block-themeisle-blocks-advanced-column-59bd9b05\" class=\"wp-block-themeisle-blocks-advanced-column\">\n<h2 id=\"wp-block-themeisle-blocks-advanced-heading-183abe1f\" class=\"wp-block-themeisle-blocks-advanced-heading wp-block-themeisle-blocks-advanced-heading-183abe1f\">Le Chant des Fibres et des Mains<\/h2>\n\n\n\n<p class=\"has-text-align-right has-neve-text-color-color has-text-color\">Notre qu\u00eate commence par la fibre : lin, chanvre et coton bio. Nous avons choisi des mati\u00e8res qui respirent, s\u00e9lectionn\u00e9es pour leur faible empreinte et leur noblesse naturelle. Ce ne sont pas de simples tissus, mais des fragments de nature travaill\u00e9s pour durer, con\u00e7us pour s\u2019embellir au fil des \u00e9t\u00e9s et des hivers.<\/p>\n\n\n\n<p class=\"has-text-align-right\">Pour les sublimer, nous avons confi\u00e9 nos dessins \u00e0 la main de l&#8217;artisan fran\u00e7ais. Dans nos ateliers partenaires, chaque couture devient un acte de r\u00e9sistance face \u00e0 l&#8217;\u00e9ph\u00e9m\u00e8re. En produisant localement, nous ne faisons pas que r\u00e9duire nos kilom\u00e8tres ; nous pr\u00e9servons un savoir-faire rare, o\u00f9 chaque v\u00eatement raconte l&#8217;excellence d&#8217;une mode faite pour durer.<\/p>\n<\/div>\n<\/div><\/div>\n\n\n\n<div id=\"wp-block-themeisle-blocks-advanced-columns-e4f121e2\" class=\"wp-block-themeisle-blocks-advanced-columns alignfull has-2-columns has-desktop-equal-layout has-tablet-equal-layout has-mobile-collapsedRows-layout has-vertical-center ticss-a2946a77 has-light-bg\"><div class=\"wp-block-themeisle-blocks-advanced-columns-overlay\"><\/div><div class=\"innerblocks-wrap\">\n<div id=\"wp-block-themeisle-blocks-advanced-column-f4d6700c\" class=\"wp-block-themeisle-blocks-advanced-column\">\n<h2 id=\"wp-block-themeisle-blocks-advanced-heading-676c888f\" class=\"wp-block-themeisle-blocks-advanced-heading wp-block-themeisle-blocks-advanced-heading-676c888f\">Vers une Clart\u00e9 Durable<\/h2>\n\n\n\n<p class=\"has-text-align-left has-neve-text-color-color has-text-color\">Notre histoire ne s&#8217;arr\u00eate pas \u00e0 la cr\u00e9ation d&#8217;une collection ; elle se poursuit avec vous. Notre ambition pour demain est de tracer une voie o\u00f9 chaque v\u00eatement devient un acte conscient. Nous continuons d&#8217;explorer des innovations plus durables, des teintures plus v\u00e9g\u00e9tales et des circuits encore plus courts, pour que la lumi\u00e8re de la C\u00f4te d&#8217;Azur que nous portons soit aussi pure que notre engagement envers la Terre.<\/p>\n\n\n\n<p class=\"has-text-align-left\">Porter <strong>Ethikwear<\/strong>, ce n&#8217;est pas seulement choisir un style ; c&#8217;est embrasser une philosophie de vie, une \u00e9l\u00e9gance qui respecte le monde qui nous entoure. Nous vous invitons \u00e0 rejoindre cette communaut\u00e9 solaire, \u00e0 co-\u00e9crire les prochains chapitres de notre r\u00e9cit et \u00e0 porter, ensemble, la responsabilit\u00e9 d&#8217;une mode magnifique, durable et profond\u00e9ment humaine.<\/p>\n<\/div>\n\n\n\n<div id=\"wp-block-themeisle-blocks-advanced-column-7a38f051\" class=\"wp-block-themeisle-blocks-advanced-column\"><div class=\"wp-block-image animated fadeIn\">\n<figure class=\"aligncenter size-full has-custom-border\"><img loading=\"lazy\" decoding=\"async\" width=\"2560\" height=\"1396\" src=\"https:\/\/ynov2026.dear4215.odns.fr\/leo\/wp-content\/uploads\/2026\/03\/Gemini_Generated_Image_ety4v7ety4v7ety4-scaled.png\" alt=\"\" class=\"wp-image-1520\" style=\"border-top-left-radius:25px;border-top-right-radius:25px;border-bottom-left-radius:25px;border-bottom-right-radius:25px\" srcset=\"https:\/\/wordpress.brainyformations.com\/leo\/wp-content\/uploads\/2026\/03\/Gemini_Generated_Image_ety4v7ety4v7ety4-scaled.png 2560w, https:\/\/wordpress.brainyformations.com\/leo\/wp-content\/uploads\/2026\/03\/Gemini_Generated_Image_ety4v7ety4v7ety4-300x164.png 300w, https:\/\/wordpress.brainyformations.com\/leo\/wp-content\/uploads\/2026\/03\/Gemini_Generated_Image_ety4v7ety4v7ety4-1024x559.png 1024w, https:\/\/wordpress.brainyformations.com\/leo\/wp-content\/uploads\/2026\/03\/Gemini_Generated_Image_ety4v7ety4v7ety4-768x419.png 768w, https:\/\/wordpress.brainyformations.com\/leo\/wp-content\/uploads\/2026\/03\/Gemini_Generated_Image_ety4v7ety4v7ety4-1536x838.png 1536w, https:\/\/wordpress.brainyformations.com\/leo\/wp-content\/uploads\/2026\/03\/Gemini_Generated_Image_ety4v7ety4v7ety4-2048x1117.png 2048w, https:\/\/wordpress.brainyformations.com\/leo\/wp-content\/uploads\/2026\/03\/Gemini_Generated_Image_ety4v7ety4v7ety4-600x327.png 600w\" sizes=\"auto, (max-width: 2560px) 100vw, 2560px\" \/><\/figure>\n<\/div><\/div>\n<\/div><\/div>\n\n\n\n<p><\/p>\n","protected":false},"excerpt":{"rendered":"","protected":false},"author":2,"featured_media":0,"parent":0,"menu_order":0,"comment_status":"closed","ping_status":"closed","template":"","meta":{"neve_meta_sidebar":"","neve_meta_container":"","neve_meta_enable_content_width":"","neve_meta_content_width":0,"neve_meta_title_alignment":"","neve_meta_author_avatar":"","neve_post_elements_order":"","neve_meta_disable_header":"","neve_meta_disable_footer":"","neve_meta_disable_title":"","_themeisle_gutenberg_block_has_review":false,"footnotes":""},"class_list":["post-1312","page","type-page","status-publish","hentry"],"jetpack_sharing_enabled":true,"_links":{"self":[{"href":"https:\/\/wordpress.brainyformations.com\/leo\/wp-json\/wp\/v2\/pages\/1312","targetHints":{"allow":["GET"]}}],"collection":[{"href":"https:\/\/wordpress.brainyformations.com\/leo\/wp-json\/wp\/v2\/pages"}],"about":[{"href":"https:\/\/wordpress.brainyformations.com\/leo\/wp-json\/wp\/v2\/types\/page"}],"author":[{"embeddable":true,"href":"https:\/\/wordpress.brainyformations.com\/leo\/wp-json\/wp\/v2\/users\/2"}],"replies":[{"embeddable":true,"href":"https:\/\/wordpress.brainyformations.com\/leo\/wp-json\/wp\/v2\/comments?post=1312"}],"version-history":[{"count":9,"href":"https:\/\/wordpress.brainyformations.com\/leo\/wp-json\/wp\/v2\/pages\/1312\/revisions"}],"predecessor-version":[{"id":1521,"href":"https:\/\/wordpress.brainyformations.com\/leo\/wp-json\/wp\/v2\/pages\/1312\/revisions\/1521"}],"wp:attachment":[{"href":"https:\/\/wordpress.brainyformations.com\/leo\/wp-json\/wp\/v2\/media?parent=1312"}],"curies":[{"name":"wp","href":"https:\/\/api.w.org\/{rel}","templated":true}]}}