{"id":711,"date":"2026-05-13T13:52:14","date_gmt":"2026-05-13T13:52:14","guid":{"rendered":"https:\/\/wordpress.brainyformations.com\/clement\/?post_type=product&#038;p=711"},"modified":"2026-05-13T14:07:55","modified_gmt":"2026-05-13T14:07:55","slug":"t-shirt-court-femme-ethikwear","status":"publish","type":"product","link":"https:\/\/wordpress.brainyformations.com\/clement\/product\/t-shirt-court-femme-ethikwear\/","title":{"rendered":"T-Shirt Court Femme EthikWear"},"content":{"rendered":"<p>T-shirt court femme EthikWear, pens\u00e9 pour un style moderne, simple et confortable. Sa coupe courte apporte une silhouette plus actuelle, facile \u00e0 porter avec un jean taille haute, une jupe ou un pantalon fluide.<\/p>\n<p>Disponible en plusieurs tailles et en deux coloris, il s\u2019adapte aux looks casual du quotidien tout en gardant une approche responsable gr\u00e2ce \u00e0 sa mati\u00e8re en coton bio.<\/p>\n","protected":false},"excerpt":{"rendered":"<p>T-shirt court femme en coton bio, coupe moderne et confortable. Disponible en plusieurs tailles et en deux coloris.<\/p>\n","protected":false},"featured_media":723,"comment_status":"closed","ping_status":"closed","template":"","meta":{"neve_meta_sidebar":"","neve_meta_container":"","neve_meta_enable_content_width":"off","neve_meta_content_width":100,"neve_meta_title_alignment":"","neve_meta_author_avatar":"","neve_post_elements_order":"","neve_meta_disable_header":"","neve_meta_disable_footer":"","neve_meta_disable_title":"","_themeisle_gutenberg_block_has_review":false},"product_brand":[23],"product_cat":[55,57,56],"product_tag":[29,25],"class_list":{"0":"post-711","1":"product","2":"type-product","3":"status-publish","4":"has-post-thumbnail","6":"product_brand-ethikwear","7":"product_cat-femme","8":"product_cat-t-shirt","9":"product_cat-vetements-femme","10":"product_tag-casual","11":"product_tag-coton-bio","12":"product_shipping_class-colis-moyen","13":"pa_couleur-blanc","14":"pa_couleur-noir","16":"first","17":"instock","18":"featured","19":"taxable","20":"shipping-taxable","21":"purchasable","22":"product-type-variable"},"_links":{"self":[{"href":"https:\/\/wordpress.brainyformations.com\/clement\/wp-json\/wp\/v2\/product\/711","targetHints":{"allow":["GET"]}}],"collection":[{"href":"https:\/\/wordpress.brainyformations.com\/clement\/wp-json\/wp\/v2\/product"}],"about":[{"href":"https:\/\/wordpress.brainyformations.com\/clement\/wp-json\/wp\/v2\/types\/product"}],"replies":[{"embeddable":true,"href":"https:\/\/wordpress.brainyformations.com\/clement\/wp-json\/wp\/v2\/comments?post=711"}],"wp:featuredmedia":[{"embeddable":true,"href":"https:\/\/wordpress.brainyformations.com\/clement\/wp-json\/wp\/v2\/media\/723"}],"wp:attachment":[{"href":"https:\/\/wordpress.brainyformations.com\/clement\/wp-json\/wp\/v2\/media?parent=711"}],"wp:term":[{"taxonomy":"product_brand","embeddable":true,"href":"https:\/\/wordpress.brainyformations.com\/clement\/wp-json\/wp\/v2\/product_brand?post=711"},{"taxonomy":"product_cat","embeddable":true,"href":"https:\/\/wordpress.brainyformations.com\/clement\/wp-json\/wp\/v2\/product_cat?post=711"},{"taxonomy":"product_tag","embeddable":true,"href":"https:\/\/wordpress.brainyformations.com\/clement\/wp-json\/wp\/v2\/product_tag?post=711"}],"curies":[{"name":"wp","href":"https:\/\/api.w.org\/{rel}","templated":true}]}}