{"id":670,"date":"2026-05-13T13:02:55","date_gmt":"2026-05-13T13:02:55","guid":{"rendered":"https:\/\/wordpress.brainyformations.com\/clement\/?post_type=product&#038;p=670"},"modified":"2026-05-13T14:07:12","modified_gmt":"2026-05-13T14:07:12","slug":"montre-datejust-classique","status":"publish","type":"product","link":"https:\/\/wordpress.brainyformations.com\/clement\/product\/montre-datejust-classique\/","title":{"rendered":"Montre Datejust Classique"},"content":{"rendered":"<p>Montre classique inspiration Datejust, pens\u00e9e pour un style \u00e9l\u00e9gant et intemporel. Disponible en deux coloris, or et argent, elle s\u2019adapte aussi bien \u00e0 une tenue habill\u00e9e qu\u2019\u00e0 un look quotidien.<\/p>\n<p>Son design sobre, son bracelet m\u00e9tallique et son cadran raffin\u00e9 en font un accessoire premium facile \u00e0 porter.<\/p>\n","protected":false},"excerpt":{"rendered":"<p>Montre \u00e9l\u00e9gante disponible en coloris or et argent. Design classique, bracelet m\u00e9tallique et style premium.<\/p>\n","protected":false},"featured_media":685,"comment_status":"closed","ping_status":"closed","template":"","meta":{"neve_meta_sidebar":"","neve_meta_container":"","neve_meta_enable_content_width":"off","neve_meta_content_width":100,"neve_meta_title_alignment":"","neve_meta_author_avatar":"","neve_post_elements_order":"","neve_meta_disable_header":"","neve_meta_disable_footer":"","neve_meta_disable_title":"","_themeisle_gutenberg_block_has_review":false},"product_brand":[],"product_cat":[18],"product_tag":[66,65],"class_list":{"0":"post-670","1":"product","2":"type-product","3":"status-publish","4":"has-post-thumbnail","6":"product_cat-accessoires","7":"product_tag-montre","8":"product_tag-or","9":"product_shipping_class-petit-colis","10":"pa_couleur-or","11":"pa_couleur-or-blanc","13":"first","14":"instock","15":"taxable","16":"shipping-taxable","17":"purchasable","18":"product-type-variable"},"_links":{"self":[{"href":"https:\/\/wordpress.brainyformations.com\/clement\/wp-json\/wp\/v2\/product\/670","targetHints":{"allow":["GET"]}}],"collection":[{"href":"https:\/\/wordpress.brainyformations.com\/clement\/wp-json\/wp\/v2\/product"}],"about":[{"href":"https:\/\/wordpress.brainyformations.com\/clement\/wp-json\/wp\/v2\/types\/product"}],"replies":[{"embeddable":true,"href":"https:\/\/wordpress.brainyformations.com\/clement\/wp-json\/wp\/v2\/comments?post=670"}],"wp:featuredmedia":[{"embeddable":true,"href":"https:\/\/wordpress.brainyformations.com\/clement\/wp-json\/wp\/v2\/media\/685"}],"wp:attachment":[{"href":"https:\/\/wordpress.brainyformations.com\/clement\/wp-json\/wp\/v2\/media?parent=670"}],"wp:term":[{"taxonomy":"product_brand","embeddable":true,"href":"https:\/\/wordpress.brainyformations.com\/clement\/wp-json\/wp\/v2\/product_brand?post=670"},{"taxonomy":"product_cat","embeddable":true,"href":"https:\/\/wordpress.brainyformations.com\/clement\/wp-json\/wp\/v2\/product_cat?post=670"},{"taxonomy":"product_tag","embeddable":true,"href":"https:\/\/wordpress.brainyformations.com\/clement\/wp-json\/wp\/v2\/product_tag?post=670"}],"curies":[{"name":"wp","href":"https:\/\/api.w.org\/{rel}","templated":true}]}}