{"id":281,"date":"2020-09-10T11:28:04","date_gmt":"2020-09-10T11:28:04","guid":{"rendered":"https:\/\/demosites.io\/shop-gb\/?page_id=281"},"modified":"2026-03-13T14:09:06","modified_gmt":"2026-03-13T14:09:06","slug":"52e3e-about","status":"publish","type":"page","link":"https:\/\/wordpress.brainyformations.com\/clement\/52e3e-about\/","title":{"rendered":"\u00c0 Propos"},"content":{"rendered":"\n<div id=\"wp-block-themeisle-blocks-advanced-columns-376eb3a4\" class=\"wp-block-themeisle-blocks-advanced-columns alignfull has-1-columns has-desktop-equal-layout has-tablet-equal-layout has-mobile-equal-layout has-vertical-center\"><div class=\"wp-block-themeisle-blocks-advanced-columns-overlay\"><\/div><div class=\"innerblocks-wrap\">\n<div id=\"wp-block-themeisle-blocks-advanced-column-2e01688c\" class=\"wp-block-themeisle-blocks-advanced-column\">\n<h1 class=\"wp-block-heading has-text-align-center has-nv-text-dark-bg-color has-text-color\">\u00c0 propos d\u2019EthikWear<\/h1>\n\n\n\n<p class=\"has-text-align-center has-nv-text-dark-bg-color has-text-color\">EthikWear est n\u00e9e d\u2019une conviction simple. La mode peut \u00eatre \u00e0 la fois belle, responsable et durable. Notre boutique propose une s\u00e9lection de pi\u00e8ces pens\u00e9es pour allier style, qualit\u00e9 et sens.<\/p>\n<\/div>\n<\/div><\/div>\n\n\n\n<div id=\"wp-block-themeisle-blocks-advanced-columns-35825447\" class=\"wp-block-themeisle-blocks-advanced-columns alignfull has-2-columns has-desktop-equal-layout has-tablet-equal-layout has-mobile-collapsedRows-layout has-vertical-center ticss-c00aadba\"><div class=\"wp-block-themeisle-blocks-advanced-columns-overlay\"><\/div><div class=\"innerblocks-wrap\">\n<div id=\"wp-block-themeisle-blocks-advanced-column-fedc9d47\" class=\"wp-block-themeisle-blocks-advanced-column\">\n<figure class=\"wp-block-image size-full has-custom-border\"><img loading=\"lazy\" decoding=\"async\" width=\"1536\" height=\"1024\" src=\"https:\/\/ynov2026.dear4215.odns.fr\/clement\/wp-content\/uploads\/2026\/03\/fd14a2c8-63b4-4d6e-bf89-87894f1439b4.png\" alt=\"\" class=\"wp-image-589\" style=\"border-top-left-radius:20px;border-top-right-radius:20px;border-bottom-left-radius:20px;border-bottom-right-radius:20px\" srcset=\"https:\/\/wordpress.brainyformations.com\/clement\/wp-content\/uploads\/2026\/03\/fd14a2c8-63b4-4d6e-bf89-87894f1439b4.png 1536w, https:\/\/wordpress.brainyformations.com\/clement\/wp-content\/uploads\/2026\/03\/fd14a2c8-63b4-4d6e-bf89-87894f1439b4-300x200.png 300w, https:\/\/wordpress.brainyformations.com\/clement\/wp-content\/uploads\/2026\/03\/fd14a2c8-63b4-4d6e-bf89-87894f1439b4-1024x683.png 1024w, https:\/\/wordpress.brainyformations.com\/clement\/wp-content\/uploads\/2026\/03\/fd14a2c8-63b4-4d6e-bf89-87894f1439b4-768x512.png 768w, https:\/\/wordpress.brainyformations.com\/clement\/wp-content\/uploads\/2026\/03\/fd14a2c8-63b4-4d6e-bf89-87894f1439b4-930x620.png 930w, https:\/\/wordpress.brainyformations.com\/clement\/wp-content\/uploads\/2026\/03\/fd14a2c8-63b4-4d6e-bf89-87894f1439b4-599x399.png 599w\" sizes=\"auto, (max-width: 1536px) 100vw, 1536px\" \/><\/figure>\n<\/div>\n\n\n\n<div id=\"wp-block-themeisle-blocks-advanced-column-ed1b12ac\" class=\"wp-block-themeisle-blocks-advanced-column\">\n<h2 id=\"wp-block-themeisle-blocks-advanced-heading-8f3ca166\" class=\"wp-block-themeisle-blocks-advanced-heading wp-block-themeisle-blocks-advanced-heading-8f3ca166\">Notre histoire<\/h2>\n\n\n\n<p>EthikWear est n\u00e9e de l\u2019envie de repenser la mode avec un regard plus responsable. Face \u00e0 une consommation souvent trop rapide et impersonnelle, nous avons voulu cr\u00e9er une boutique capable de proposer une s\u00e9lection plus r\u00e9fl\u00e9chie, plus durable et plus align\u00e9e avec les attentes d\u2019aujourd\u2019hui. Le projet s\u2019est construit autour d\u2019une id\u00e9e claire. Offrir des pi\u00e8ces qui ont du style, de la qualit\u00e9 et une vraie utilit\u00e9, tout en d\u00e9fendant une vision plus respectueuse de la mode.<\/p>\n\n\n\n<p><\/p>\n\n\n\n<div style=\"height:10px\" aria-hidden=\"true\" class=\"wp-block-spacer\"><\/div>\n<\/div>\n<\/div><\/div>\n\n\n\n<div id=\"wp-block-themeisle-blocks-advanced-columns-9b3f17e9\" class=\"wp-block-themeisle-blocks-advanced-columns alignfull has-2-columns has-desktop-equal-layout has-tablet-equal-layout has-mobile-collapsedRows-layout has-vertical-center ticss-c00aadba\"><div class=\"wp-block-themeisle-blocks-advanced-columns-overlay\"><\/div><div class=\"innerblocks-wrap\">\n<div id=\"wp-block-themeisle-blocks-advanced-column-08404b42\" class=\"wp-block-themeisle-blocks-advanced-column\">\n<h2 class=\"wp-block-heading\">Notre mission<\/h2>\n\n\n\n<p>Notre mission est de proposer une mode plus consciente, sans compromis sur le style. EthikWear met en avant des v\u00eatements et des pi\u00e8ces s\u00e9lectionn\u00e9s avec attention, pens\u00e9s pour durer et s\u2019int\u00e9grer naturellement dans le quotidien. Nous voulons aider chacun \u00e0 consommer de mani\u00e8re plus responsable en valorisant des choix plus durables, plus simples et plus coh\u00e9rents.<\/p>\n<\/div>\n\n\n\n<div id=\"wp-block-themeisle-blocks-advanced-column-45f60464\" class=\"wp-block-themeisle-blocks-advanced-column\">\n<figure class=\"wp-block-image size-large has-custom-border\"><img loading=\"lazy\" decoding=\"async\" width=\"1024\" height=\"683\" src=\"https:\/\/ynov2026.dear4215.odns.fr\/clement\/wp-content\/uploads\/2026\/03\/ChatGPT-Image-13-mars-2026-14_21_04-1024x683.png\" alt=\"\" class=\"wp-image-590\" style=\"border-top-left-radius:26px;border-top-right-radius:26px;border-bottom-left-radius:26px;border-bottom-right-radius:26px\" srcset=\"https:\/\/wordpress.brainyformations.com\/clement\/wp-content\/uploads\/2026\/03\/ChatGPT-Image-13-mars-2026-14_21_04-1024x683.png 1024w, https:\/\/wordpress.brainyformations.com\/clement\/wp-content\/uploads\/2026\/03\/ChatGPT-Image-13-mars-2026-14_21_04-300x200.png 300w, https:\/\/wordpress.brainyformations.com\/clement\/wp-content\/uploads\/2026\/03\/ChatGPT-Image-13-mars-2026-14_21_04-768x512.png 768w, https:\/\/wordpress.brainyformations.com\/clement\/wp-content\/uploads\/2026\/03\/ChatGPT-Image-13-mars-2026-14_21_04-930x620.png 930w, https:\/\/wordpress.brainyformations.com\/clement\/wp-content\/uploads\/2026\/03\/ChatGPT-Image-13-mars-2026-14_21_04-599x399.png 599w, https:\/\/wordpress.brainyformations.com\/clement\/wp-content\/uploads\/2026\/03\/ChatGPT-Image-13-mars-2026-14_21_04.png 1536w\" sizes=\"auto, (max-width: 1024px) 100vw, 1024px\" \/><\/figure>\n<\/div>\n<\/div><\/div>\n\n\n\n<section id=\"wp-block-themeisle-blocks-advanced-columns-e4373a2b\" class=\"wp-block-themeisle-blocks-advanced-columns alignfull has-1-columns has-desktop-equal-layout has-tablet-equal-layout has-mobile-equal-layout has-vertical-flex-start has-dark-bg\"><div class=\"wp-block-themeisle-blocks-advanced-columns-overlay\"><\/div><div class=\"innerblocks-wrap\">\n<div id=\"wp-block-themeisle-blocks-advanced-column-0b9db5af\" class=\"wp-block-themeisle-blocks-advanced-column\">\n<section id=\"wp-block-themeisle-blocks-advanced-columns-62d68e08\" class=\"wp-block-themeisle-blocks-advanced-columns has-1-columns has-desktop-equal-layout has-tablet-equal-layout has-mobile-equal-layout has-vertical-flex-start\"><div class=\"wp-block-themeisle-blocks-advanced-columns-overlay\"><\/div><div class=\"innerblocks-wrap\">\n<div id=\"wp-block-themeisle-blocks-advanced-column-ba020b38\" class=\"wp-block-themeisle-blocks-advanced-column\">\n<p><\/p>\n\n\n\n<h2 id=\"wp-block-themeisle-blocks-advanced-heading-6d6c2f48\" class=\"wp-block-themeisle-blocks-advanced-heading wp-block-themeisle-blocks-advanced-heading-6d6c2f48\">Nos valeurs<\/h2>\n<\/div>\n<\/div><\/section>\n\n\n\n<section id=\"wp-block-themeisle-blocks-advanced-columns-6fc7adce\" class=\"wp-block-themeisle-blocks-advanced-columns has-4-columns has-desktop-equal-layout has-tablet-equal-layout has-mobile-collapsedRows-layout has-vertical-flex-start\"><div class=\"wp-block-themeisle-blocks-advanced-columns-overlay\"><\/div><div class=\"innerblocks-wrap\">\n<div id=\"wp-block-themeisle-blocks-advanced-column-25e97a9a\" class=\"wp-block-themeisle-blocks-advanced-column\">\n<h3 id=\"wp-block-themeisle-blocks-advanced-heading-72a9f7c8\" class=\"wp-block-themeisle-blocks-advanced-heading wp-block-themeisle-blocks-advanced-heading-72a9f7c8\">La durabilit\u00e9<\/h3>\n\n\n\n<p id=\"wp-block-themeisle-blocks-advanced-heading-a5f28f8f\" class=\"wp-block-themeisle-blocks-advanced-heading wp-block-themeisle-blocks-advanced-heading-a5f28f8f\">Nous croyons \u00e0 une mode pens\u00e9e pour durer. Nous privil\u00e9gions une approche plus responsable, avec une attention particuli\u00e8re port\u00e9e \u00e0 la qualit\u00e9, \u00e0 la long\u00e9vit\u00e9 des produits et \u00e0 leur utilit\u00e9 dans le temps.<\/p>\n<\/div>\n\n\n\n<div id=\"wp-block-themeisle-blocks-advanced-column-45a44044\" class=\"wp-block-themeisle-blocks-advanced-column\">\n<h3 id=\"wp-block-themeisle-blocks-advanced-heading-ea2e90f7\" class=\"wp-block-themeisle-blocks-advanced-heading wp-block-themeisle-blocks-advanced-heading-ea2e90f7\">La simplicit\u00e9<\/h3>\n\n\n\n<p id=\"wp-block-themeisle-blocks-advanced-heading-4e8162a7\" class=\"wp-block-themeisle-blocks-advanced-heading wp-block-themeisle-blocks-advanced-heading-4e8162a7\">Nous voulons rendre la mode responsable plus accessible et plus lisible. Notre objectif est de proposer une exp\u00e9rience fluide, claire et agr\u00e9able, aussi bien dans la navigation que dans la s\u00e9lection.<\/p>\n<\/div>\n\n\n\n<div id=\"wp-block-themeisle-blocks-advanced-column-b5b3ad1c\" class=\"wp-block-themeisle-blocks-advanced-column\">\n<h3 id=\"wp-block-themeisle-blocks-advanced-heading-067b6e63\" class=\"wp-block-themeisle-blocks-advanced-heading wp-block-themeisle-blocks-advanced-heading-067b6e63\">La qualit\u00e9<\/h3>\n\n\n\n<p id=\"wp-block-themeisle-blocks-advanced-heading-7b136259\" class=\"wp-block-themeisle-blocks-advanced-heading wp-block-themeisle-blocks-advanced-heading-7b136259\">Chaque pi\u00e8ce doit r\u00e9pondre \u00e0 un niveau d\u2019exigence pr\u00e9cis. Nous valorisons les mati\u00e8res bien choisies, les finitions soign\u00e9es et les produits con\u00e7us pour \u00eatre port\u00e9s et appr\u00e9ci\u00e9s durablement.<\/p>\n<\/div>\n\n\n\n<div id=\"wp-block-themeisle-blocks-advanced-column-6be03cf4\" class=\"wp-block-themeisle-blocks-advanced-column\">\n<h3 id=\"wp-block-themeisle-blocks-advanced-heading-57826d4c\" class=\"wp-block-themeisle-blocks-advanced-heading wp-block-themeisle-blocks-advanced-heading-57826d4c\">L\u2019authenticit\u00e9<\/h3>\n\n\n\n<p id=\"wp-block-themeisle-blocks-advanced-heading-9962089c\" class=\"wp-block-themeisle-blocks-advanced-heading wp-block-themeisle-blocks-advanced-heading-9962089c\">EthikWear d\u00e9fend une identit\u00e9 sinc\u00e8re. Notre boutique ne suit pas seulement une tendance. Elle porte une vision claire, fond\u00e9e sur des choix coh\u00e9rents et une vraie intention de marque.<\/p>\n<\/div>\n<\/div><\/section>\n<\/div>\n<\/div><\/section>\n\n\n\n<div id=\"wp-block-themeisle-blocks-advanced-columns-631ef0b2\" class=\"wp-block-themeisle-blocks-advanced-columns alignfull has-2-columns has-desktop-equal-layout has-tablet-equal-layout has-mobile-collapsedRows-layout has-vertical-center ticss-c00aadba\"><div class=\"wp-block-themeisle-blocks-advanced-columns-overlay\"><\/div><div class=\"innerblocks-wrap\">\n<div id=\"wp-block-themeisle-blocks-advanced-column-6737f15d\" class=\"wp-block-themeisle-blocks-advanced-column\">\n<figure class=\"wp-block-image size-full has-custom-border\"><img loading=\"lazy\" decoding=\"async\" width=\"1536\" height=\"1024\" src=\"https:\/\/ynov2026.dear4215.odns.fr\/clement\/wp-content\/uploads\/2026\/03\/fd14a2c8-63b4-4d6e-bf89-87894f1439b4.png\" alt=\"\" class=\"wp-image-589\" style=\"border-top-left-radius:20px;border-top-right-radius:20px;border-bottom-left-radius:20px;border-bottom-right-radius:20px\" srcset=\"https:\/\/wordpress.brainyformations.com\/clement\/wp-content\/uploads\/2026\/03\/fd14a2c8-63b4-4d6e-bf89-87894f1439b4.png 1536w, https:\/\/wordpress.brainyformations.com\/clement\/wp-content\/uploads\/2026\/03\/fd14a2c8-63b4-4d6e-bf89-87894f1439b4-300x200.png 300w, https:\/\/wordpress.brainyformations.com\/clement\/wp-content\/uploads\/2026\/03\/fd14a2c8-63b4-4d6e-bf89-87894f1439b4-1024x683.png 1024w, https:\/\/wordpress.brainyformations.com\/clement\/wp-content\/uploads\/2026\/03\/fd14a2c8-63b4-4d6e-bf89-87894f1439b4-768x512.png 768w, https:\/\/wordpress.brainyformations.com\/clement\/wp-content\/uploads\/2026\/03\/fd14a2c8-63b4-4d6e-bf89-87894f1439b4-930x620.png 930w, https:\/\/wordpress.brainyformations.com\/clement\/wp-content\/uploads\/2026\/03\/fd14a2c8-63b4-4d6e-bf89-87894f1439b4-599x399.png 599w\" sizes=\"auto, (max-width: 1536px) 100vw, 1536px\" \/><\/figure>\n<\/div>\n\n\n\n<div id=\"wp-block-themeisle-blocks-advanced-column-40000f4b\" class=\"wp-block-themeisle-blocks-advanced-column\">\n<h2 id=\"wp-block-themeisle-blocks-advanced-heading-5b6fb65e\" class=\"wp-block-themeisle-blocks-advanced-heading wp-block-themeisle-blocks-advanced-heading-5b6fb65e\">Ce qui nous distingue<\/h2>\n\n\n\n<p>EthikWear se distingue par une s\u00e9lection pens\u00e9e avec coh\u00e9rence. Nous ne cherchons pas \u00e0 proposer toujours plus, mais \u00e0 proposer mieux. Chaque produit s\u2019inscrit dans un univers pr\u00e9cis, avec une attention port\u00e9e au style, aux mati\u00e8res et \u00e0 la durabilit\u00e9. Cette exigence nous permet de construire une boutique plus claire, plus cr\u00e9dible et plus inspirante, loin d\u2019une logique de surconsommation.<\/p>\n\n\n\n<p><\/p>\n\n\n\n<div style=\"height:10px\" aria-hidden=\"true\" class=\"wp-block-spacer\"><\/div>\n<\/div>\n<\/div><\/div>\n\n\n\n<div id=\"wp-block-themeisle-blocks-advanced-columns-e18d4c0d\" class=\"wp-block-themeisle-blocks-advanced-columns alignfull has-2-columns has-desktop-equal-layout has-tablet-equal-layout has-mobile-collapsedRows-layout has-vertical-center ticss-c00aadba\"><div class=\"wp-block-themeisle-blocks-advanced-columns-overlay\"><\/div><div class=\"innerblocks-wrap\">\n<div id=\"wp-block-themeisle-blocks-advanced-column-b48da3c7\" class=\"wp-block-themeisle-blocks-advanced-column\">\n<h2 class=\"wp-block-heading\">Nos engagements<\/h2>\n\n\n\n<p>Nous nous engageons \u00e0 valoriser une mode plus responsable \u00e0 travers une s\u00e9lection exigeante, une pr\u00e9sentation honn\u00eate des produits et une recherche constante de coh\u00e9rence entre esth\u00e9tisme et engagement. EthikWear d\u00e9fend une approche plus durable, fond\u00e9e sur la qualit\u00e9, la transparence et l\u2019am\u00e9lioration continue. Notre ambition est de faire \u00e9voluer la boutique dans une direction toujours plus responsable, sans perdre l\u2019essentiel, le style, le sens et la confiance.<\/p>\n<\/div>\n\n\n\n<div id=\"wp-block-themeisle-blocks-advanced-column-61558813\" class=\"wp-block-themeisle-blocks-advanced-column\">\n<figure class=\"wp-block-image size-large has-custom-border\"><img loading=\"lazy\" decoding=\"async\" width=\"1024\" height=\"683\" src=\"https:\/\/ynov2026.dear4215.odns.fr\/clement\/wp-content\/uploads\/2026\/03\/ChatGPT-Image-13-mars-2026-14_21_04-1024x683.png\" alt=\"\" class=\"wp-image-590\" style=\"border-top-left-radius:26px;border-top-right-radius:26px;border-bottom-left-radius:26px;border-bottom-right-radius:26px\" srcset=\"https:\/\/wordpress.brainyformations.com\/clement\/wp-content\/uploads\/2026\/03\/ChatGPT-Image-13-mars-2026-14_21_04-1024x683.png 1024w, https:\/\/wordpress.brainyformations.com\/clement\/wp-content\/uploads\/2026\/03\/ChatGPT-Image-13-mars-2026-14_21_04-300x200.png 300w, https:\/\/wordpress.brainyformations.com\/clement\/wp-content\/uploads\/2026\/03\/ChatGPT-Image-13-mars-2026-14_21_04-768x512.png 768w, https:\/\/wordpress.brainyformations.com\/clement\/wp-content\/uploads\/2026\/03\/ChatGPT-Image-13-mars-2026-14_21_04-930x620.png 930w, https:\/\/wordpress.brainyformations.com\/clement\/wp-content\/uploads\/2026\/03\/ChatGPT-Image-13-mars-2026-14_21_04-599x399.png 599w, https:\/\/wordpress.brainyformations.com\/clement\/wp-content\/uploads\/2026\/03\/ChatGPT-Image-13-mars-2026-14_21_04.png 1536w\" sizes=\"auto, (max-width: 1024px) 100vw, 1024px\" \/><\/figure>\n<\/div>\n<\/div><\/div>\n\n\n\n<div id=\"wp-block-themeisle-blocks-advanced-columns-4824bae5\" class=\"wp-block-themeisle-blocks-advanced-columns alignfull has-2-columns has-desktop-equal-layout has-tablet-equal-layout has-mobile-collapsedRows-layout has-vertical-center ticss-c00aadba\"><div class=\"wp-block-themeisle-blocks-advanced-columns-overlay\"><\/div><div class=\"innerblocks-wrap\">\n<div id=\"wp-block-themeisle-blocks-advanced-column-b3903ecb\" class=\"wp-block-themeisle-blocks-advanced-column\">\n<figure class=\"wp-block-image size-full has-custom-border\"><img loading=\"lazy\" decoding=\"async\" width=\"1536\" height=\"1024\" src=\"https:\/\/ynov2026.dear4215.odns.fr\/clement\/wp-content\/uploads\/2026\/03\/fd14a2c8-63b4-4d6e-bf89-87894f1439b4.png\" alt=\"\" class=\"wp-image-589\" style=\"border-top-left-radius:20px;border-top-right-radius:20px;border-bottom-left-radius:20px;border-bottom-right-radius:20px\" srcset=\"https:\/\/wordpress.brainyformations.com\/clement\/wp-content\/uploads\/2026\/03\/fd14a2c8-63b4-4d6e-bf89-87894f1439b4.png 1536w, https:\/\/wordpress.brainyformations.com\/clement\/wp-content\/uploads\/2026\/03\/fd14a2c8-63b4-4d6e-bf89-87894f1439b4-300x200.png 300w, https:\/\/wordpress.brainyformations.com\/clement\/wp-content\/uploads\/2026\/03\/fd14a2c8-63b4-4d6e-bf89-87894f1439b4-1024x683.png 1024w, https:\/\/wordpress.brainyformations.com\/clement\/wp-content\/uploads\/2026\/03\/fd14a2c8-63b4-4d6e-bf89-87894f1439b4-768x512.png 768w, https:\/\/wordpress.brainyformations.com\/clement\/wp-content\/uploads\/2026\/03\/fd14a2c8-63b4-4d6e-bf89-87894f1439b4-930x620.png 930w, https:\/\/wordpress.brainyformations.com\/clement\/wp-content\/uploads\/2026\/03\/fd14a2c8-63b4-4d6e-bf89-87894f1439b4-599x399.png 599w\" sizes=\"auto, (max-width: 1536px) 100vw, 1536px\" \/><\/figure>\n<\/div>\n\n\n\n<div id=\"wp-block-themeisle-blocks-advanced-column-a051f86c\" class=\"wp-block-themeisle-blocks-advanced-column\">\n<h2 id=\"wp-block-themeisle-blocks-advanced-heading-fedd6e1f\" class=\"wp-block-themeisle-blocks-advanced-heading wp-block-themeisle-blocks-advanced-heading-fedd6e1f\">Une autre vision de la mode<\/h2>\n\n\n\n<p>Chez EthikWear, nous pensons qu\u2019un v\u00eatement ne doit pas seulement \u00eatre beau. Il doit aussi avoir du sens. C\u2019est cette id\u00e9e qui guide notre projet depuis le d\u00e9but. Construire une boutique qui valorise des choix plus justes, plus durables et plus inspirants, pour une mode qui respecte davantage les personnes, les usages et le temps.<\/p>\n\n\n\n<p><\/p>\n\n\n\n<div style=\"height:10px\" aria-hidden=\"true\" class=\"wp-block-spacer\"><\/div>\n<\/div>\n<\/div><\/div>\n\n\n\n<div id=\"wp-block-themeisle-blocks-advanced-columns-678cc482\" class=\"wp-block-themeisle-blocks-advanced-columns alignfull has-1-columns has-desktop-equal-layout has-tablet-equal-layout has-mobile-collapsedRows-layout has-reverse-columns-mobile has-vertical-bottom ticss-c00aadba\"><div class=\"wp-block-themeisle-blocks-advanced-columns-overlay\"><\/div><div class=\"innerblocks-wrap\">\n<div id=\"wp-block-themeisle-blocks-advanced-column-4d412c51\" class=\"wp-block-themeisle-blocks-advanced-column\">\n<h2 id=\"wp-block-themeisle-blocks-advanced-heading-fb3c7a39\" class=\"wp-block-themeisle-blocks-advanced-heading wp-block-themeisle-blocks-advanced-heading-fb3c7a39\">Entrer dans l\u2019univers EthikWear<\/h2>\n\n\n\n<div class=\"wp-block-buttons is-content-justification-center is-layout-flex wp-container-core-buttons-is-layout-16018d1d wp-block-buttons-is-layout-flex\">\n<div class=\"wp-block-button is-style-primary\"><a class=\"wp-block-button__link wp-element-button\" href=\"https:\/\/ynov2026.dear4215.odns.fr\/clement\/shop\/\" style=\"border-top-left-radius:20px;border-top-right-radius:20px;border-bottom-left-radius:20px;border-bottom-right-radius:20px\">D\u00e9couvrir la collection<\/a><\/div>\n<\/div>\n<\/div>\n<\/div><\/div>\n\n\n\n<p><\/p>\n","protected":false},"excerpt":{"rendered":"","protected":false},"author":1,"featured_media":0,"parent":0,"menu_order":0,"comment_status":"closed","ping_status":"closed","template":"","meta":{"neve_meta_sidebar":"full-width","neve_meta_container":"","neve_meta_enable_content_width":"on","neve_meta_content_width":100,"neve_meta_title_alignment":"","neve_meta_author_avatar":"","neve_post_elements_order":"","neve_meta_disable_header":"","neve_meta_disable_footer":"","neve_meta_disable_title":"on","_themeisle_gutenberg_block_has_review":false,"footnotes":""},"class_list":["post-281","page","type-page","status-publish","hentry"],"_links":{"self":[{"href":"https:\/\/wordpress.brainyformations.com\/clement\/wp-json\/wp\/v2\/pages\/281","targetHints":{"allow":["GET"]}}],"collection":[{"href":"https:\/\/wordpress.brainyformations.com\/clement\/wp-json\/wp\/v2\/pages"}],"about":[{"href":"https:\/\/wordpress.brainyformations.com\/clement\/wp-json\/wp\/v2\/types\/page"}],"author":[{"embeddable":true,"href":"https:\/\/wordpress.brainyformations.com\/clement\/wp-json\/wp\/v2\/users\/1"}],"replies":[{"embeddable":true,"href":"https:\/\/wordpress.brainyformations.com\/clement\/wp-json\/wp\/v2\/comments?post=281"}],"version-history":[{"count":2,"href":"https:\/\/wordpress.brainyformations.com\/clement\/wp-json\/wp\/v2\/pages\/281\/revisions"}],"predecessor-version":[{"id":591,"href":"https:\/\/wordpress.brainyformations.com\/clement\/wp-json\/wp\/v2\/pages\/281\/revisions\/591"}],"wp:attachment":[{"href":"https:\/\/wordpress.brainyformations.com\/clement\/wp-json\/wp\/v2\/media?parent=281"}],"curies":[{"name":"wp","href":"https:\/\/api.w.org\/{rel}","templated":true}]}}